{"id":421,"date":"2019-05-02T14:47:05","date_gmt":"2019-05-02T14:47:05","guid":{"rendered":"http:\/\/algarve-villas.nl\/basis\/?page_id=421"},"modified":"2019-07-26T18:40:17","modified_gmt":"2019-07-26T18:40:17","slug":"disclaimer","status":"publish","type":"page","link":"https:\/\/algarve-villas.nl\/basis\/de\/disclaimer\/","title":{"rendered":"Disclaimer"},"content":{"rendered":"<p><span lang=\"de\"><b>Dieser Website ist sorgf\u00e4ltig redigiert worden. Dennoch ist es M\u00f6glich <\/b><\/span><b><span lang=\"DE\"> da\u00df Fehler und Unklarheiten entstehen. Wissen Sie da\u00df (Euro) Preise f\u00e4llig sind an \u00c4nderungen.<\/span><\/b><\/p>\n<p>Das Verf\u00fcgbarkeit \u00dcbersicht und die Preisliste kann keiner ein Recht entnehmen.<\/p>\n<p><strong>Kosten falls Sie unverhofft annullieren m\u00fcssen<\/strong><\/p>\n<p>Eine beliebige Annullierung m\u00fcssen Sie schriftlich bei uns anmelden. Die Annullierungskosten betragen:<\/p>\n<ol>\n<li>25% in der Periode zwischen Anzahlung und acht (8) Wochen bevor Sie ankommen<\/li>\n<li>50% in der Periode zwischen acht (8) und f\u00fcnf (5) bevor Sie ankommen<\/li>\n<li>80% in der Periode zwischen f\u00fcnf (5) und drei (3) bevor Sie ankommen<\/li>\n<li>Falls Sie annullieren m\u00fcssen innerhalb von drei (3) Wochen bevor Sie ankommen bis zum Ende der Mietperiode ist 100% der Reisesumme f\u00e4llig<\/li>\n<\/ol>\n<p><strong><em>Um zu gew\u00e4hrleisten <\/em><\/strong><strong><em> da\u00df<\/em><\/strong><strong><em> Sie, falls Annullierung n\u00f6tig zeigt, keinen Schaden erleben, empfehlen wir Ihnen stark innerhalb von einige Tage nach Buchung unserer Villa einen Annullierungsversicherung zu schlie\u00dfen.<\/em><\/strong><\/p>\n","protected":false},"excerpt":{"rendered":"<p>Dieser Website ist sorgf\u00e4ltig redigiert worden. Dennoch ist es M\u00f6glich da\u00df Fehler und Unklarheiten entstehen. Wissen Sie da\u00df (Euro) Preise f\u00e4llig sind an \u00c4nderungen. Das Verf\u00fcgbarkeit \u00dcbersicht und die Preisliste kann keiner ein Recht entnehmen. Kosten falls Sie unverhofft annullieren m\u00fcssen Eine beliebige Annullierung m\u00fcssen Sie schriftlich bei uns anmelden. Die Annullierungskosten betragen: 25% in [&hellip;]<\/p>\n","protected":false},"author":1,"featured_media":0,"parent":0,"menu_order":0,"comment_status":"closed","ping_status":"closed","template":"custom-template\/no-sidebar.php","meta":{"footnotes":""},"class_list":["post-421","page","type-page","status-publish","hentry"],"translation":{"provider":"WPGlobus","version":"3.0.2","language":"de","enabled_languages":["nl","gb","de"],"languages":{"nl":{"title":true,"content":true,"excerpt":false},"gb":{"title":true,"content":true,"excerpt":false},"de":{"title":true,"content":true,"excerpt":false}}},"yoast_head":"<!-- This site is optimized with the Yoast SEO plugin v27.4 - https:\/\/yoast.com\/product\/yoast-seo-wordpress\/ -->\n<title>Disclaimer - Algarve Villas<\/title>\n<meta name=\"robots\" content=\"index, follow, max-snippet:-1, max-image-preview:large, max-video-preview:-1\" \/>\n<link rel=\"canonical\" href=\"https:\/\/algarve-villas.nl\/basis\/de\/disclaimer\/\" \/>\n<meta property=\"og:locale\" content=\"de_DE\" \/>\n<meta property=\"og:type\" content=\"article\" \/>\n<meta property=\"og:title\" content=\"Disclaimer - Algarve Villas\" \/>\n<meta property=\"og:url\" content=\"https:\/\/algarve-villas.nl\/basis\/de\/disclaimer\/\" \/>\n<meta property=\"og:site_name\" content=\"Algarve Villas\" \/>\n<meta property=\"article:modified_time\" content=\"2019-07-26T18:40:17+00:00\" \/>\n<meta name=\"twitter:label1\" content=\"Est. reading time\" \/>\n\t<meta name=\"twitter:data1\" content=\"4 minutes\" \/>\n<script type=\"application\/ld+json\" class=\"yoast-schema-graph\">{\"@context\":\"https:\\\/\\\/schema.org\",\"@graph\":[{\"@type\":\"WebPage\",\"@id\":\"https:\\\/\\\/algarve-villas.nl\\\/basis\\\/de\\\/disclaimer\\\/\",\"url\":\"https:\\\/\\\/algarve-villas.nl\\\/basis\\\/de\\\/disclaimer\\\/\",\"name\":\"Disclaimer - Algarve Villas\",\"isPartOf\":{\"@id\":\"https:\\\/\\\/algarve-villas.nl\\\/basis\\\/de\\\/#website\"},\"datePublished\":\"2019-05-02T14:47:05+00:00\",\"dateModified\":\"2019-07-26T18:40:17+00:00\",\"breadcrumb\":{\"@id\":\"https:\\\/\\\/algarve-villas.nl\\\/basis\\\/de\\\/disclaimer\\\/#breadcrumb\"},\"inLanguage\":\"de-DE\",\"potentialAction\":[{\"@type\":\"ReadAction\",\"target\":[\"https:\\\/\\\/algarve-villas.nl\\\/basis\\\/de\\\/disclaimer\\\/\"]}]},{\"@type\":\"BreadcrumbList\",\"@id\":\"https:\\\/\\\/algarve-villas.nl\\\/basis\\\/de\\\/disclaimer\\\/#breadcrumb\",\"itemListElement\":[{\"@type\":\"ListItem\",\"position\":1,\"name\":\"Home\",\"item\":\"https:\\\/\\\/algarve-villas.nl\\\/basis\\\/\"},{\"@type\":\"ListItem\",\"position\":2,\"name\":\"Disclaimer\"}]},{\"@type\":\"WebSite\",\"@id\":\"https:\\\/\\\/algarve-villas.nl\\\/basis\\\/de\\\/#website\",\"url\":\"https:\\\/\\\/algarve-villas.nl\\\/basis\\\/de\\\/\",\"name\":\"Algarve Villas\",\"description\":\"\",\"publisher\":{\"@id\":\"https:\\\/\\\/algarve-villas.nl\\\/basis\\\/de\\\/#organization\"},\"potentialAction\":[{\"@type\":\"SearchAction\",\"target\":{\"@type\":\"EntryPoint\",\"urlTemplate\":\"https:\\\/\\\/algarve-villas.nl\\\/basis\\\/de\\\/?s={search_term_string}\"},\"query-input\":{\"@type\":\"PropertyValueSpecification\",\"valueRequired\":true,\"valueName\":\"search_term_string\"}}],\"inLanguage\":\"de-DE\"},{\"@type\":\"Organization\",\"@id\":\"https:\\\/\\\/algarve-villas.nl\\\/basis\\\/de\\\/#organization\",\"name\":\"Algarve Villas\",\"url\":\"https:\\\/\\\/algarve-villas.nl\\\/basis\\\/de\\\/\",\"logo\":{\"@type\":\"ImageObject\",\"inLanguage\":\"de-DE\",\"@id\":\"https:\\\/\\\/algarve-villas.nl\\\/basis\\\/de\\\/#\\\/schema\\\/logo\\\/image\\\/\",\"url\":\"https:\\\/\\\/algarve-villas.nl\\\/basis\\\/wp-content\\\/uploads\\\/2019\\\/04\\\/cropped-logo001-1.png\",\"contentUrl\":\"https:\\\/\\\/algarve-villas.nl\\\/basis\\\/wp-content\\\/uploads\\\/2019\\\/04\\\/cropped-logo001-1.png\",\"width\":284,\"height\":129,\"caption\":\"Algarve Villas\"},\"image\":{\"@id\":\"https:\\\/\\\/algarve-villas.nl\\\/basis\\\/de\\\/#\\\/schema\\\/logo\\\/image\\\/\"}}]}<\/script>\n<!-- \/ Yoast SEO plugin. -->","yoast_head_json":{"title":"Disclaimer - Algarve Villas","robots":{"index":"index","follow":"follow","max-snippet":"max-snippet:-1","max-image-preview":"max-image-preview:large","max-video-preview":"max-video-preview:-1"},"canonical":"https:\/\/algarve-villas.nl\/basis\/de\/disclaimer\/","og_locale":"de_DE","og_type":"article","og_title":"Disclaimer - Algarve Villas","og_url":"https:\/\/algarve-villas.nl\/basis\/de\/disclaimer\/","og_site_name":"Algarve Villas","article_modified_time":"2019-07-26T18:40:17+00:00","twitter_misc":{"Est. reading time":"4 minutes"},"schema":{"@context":"https:\/\/schema.org","@graph":[{"@type":"WebPage","@id":"https:\/\/algarve-villas.nl\/basis\/de\/disclaimer\/","url":"https:\/\/algarve-villas.nl\/basis\/de\/disclaimer\/","name":"Disclaimer - Algarve Villas","isPartOf":{"@id":"https:\/\/algarve-villas.nl\/basis\/de\/#website"},"datePublished":"2019-05-02T14:47:05+00:00","dateModified":"2019-07-26T18:40:17+00:00","breadcrumb":{"@id":"https:\/\/algarve-villas.nl\/basis\/de\/disclaimer\/#breadcrumb"},"inLanguage":"de-DE","potentialAction":[{"@type":"ReadAction","target":["https:\/\/algarve-villas.nl\/basis\/de\/disclaimer\/"]}]},{"@type":"BreadcrumbList","@id":"https:\/\/algarve-villas.nl\/basis\/de\/disclaimer\/#breadcrumb","itemListElement":[{"@type":"ListItem","position":1,"name":"Home","item":"https:\/\/algarve-villas.nl\/basis\/"},{"@type":"ListItem","position":2,"name":"Disclaimer"}]},{"@type":"WebSite","@id":"https:\/\/algarve-villas.nl\/basis\/de\/#website","url":"https:\/\/algarve-villas.nl\/basis\/de\/","name":"Algarve Villas","description":"","publisher":{"@id":"https:\/\/algarve-villas.nl\/basis\/de\/#organization"},"potentialAction":[{"@type":"SearchAction","target":{"@type":"EntryPoint","urlTemplate":"https:\/\/algarve-villas.nl\/basis\/de\/?s={search_term_string}"},"query-input":{"@type":"PropertyValueSpecification","valueRequired":true,"valueName":"search_term_string"}}],"inLanguage":"de-DE"},{"@type":"Organization","@id":"https:\/\/algarve-villas.nl\/basis\/de\/#organization","name":"Algarve Villas","url":"https:\/\/algarve-villas.nl\/basis\/de\/","logo":{"@type":"ImageObject","inLanguage":"de-DE","@id":"https:\/\/algarve-villas.nl\/basis\/de\/#\/schema\/logo\/image\/","url":"https:\/\/algarve-villas.nl\/basis\/wp-content\/uploads\/2019\/04\/cropped-logo001-1.png","contentUrl":"https:\/\/algarve-villas.nl\/basis\/wp-content\/uploads\/2019\/04\/cropped-logo001-1.png","width":284,"height":129,"caption":"Algarve Villas"},"image":{"@id":"https:\/\/algarve-villas.nl\/basis\/de\/#\/schema\/logo\/image\/"}}]}},"_links":{"self":[{"href":"https:\/\/algarve-villas.nl\/basis\/de\/wp-json\/wp\/v2\/pages\/421","targetHints":{"allow":["GET"]}}],"collection":[{"href":"https:\/\/algarve-villas.nl\/basis\/de\/wp-json\/wp\/v2\/pages"}],"about":[{"href":"https:\/\/algarve-villas.nl\/basis\/de\/wp-json\/wp\/v2\/types\/page"}],"author":[{"embeddable":true,"href":"https:\/\/algarve-villas.nl\/basis\/de\/wp-json\/wp\/v2\/users\/1"}],"replies":[{"embeddable":true,"href":"https:\/\/algarve-villas.nl\/basis\/de\/wp-json\/wp\/v2\/comments?post=421"}],"version-history":[{"count":7,"href":"https:\/\/algarve-villas.nl\/basis\/de\/wp-json\/wp\/v2\/pages\/421\/revisions"}],"predecessor-version":[{"id":497,"href":"https:\/\/algarve-villas.nl\/basis\/de\/wp-json\/wp\/v2\/pages\/421\/revisions\/497"}],"wp:attachment":[{"href":"https:\/\/algarve-villas.nl\/basis\/de\/wp-json\/wp\/v2\/media?parent=421"}],"curies":[{"name":"wp","href":"https:\/\/api.w.org\/{rel}","templated":true}]}}