{"id":91,"date":"2019-03-20T14:50:15","date_gmt":"2019-03-20T14:50:15","guid":{"rendered":"http:\/\/algarve-villas.nl\/basis\/?page_id=91"},"modified":"2024-01-10T17:27:25","modified_gmt":"2024-01-10T17:27:25","slug":"villa-vivenda","status":"publish","type":"page","link":"https:\/\/algarve-villas.nl\/basis\/de\/villa-vivenda\/","title":{"rendered":"Villa Vivenda"},"content":{"rendered":"\r\n<div style=\"text-align: center;\"><strong>Villa Vivenda<\/strong><\/div>\r\n<div class=\"alignnormal\"><div id=\"metaslider-id-233\" style=\"width: 100%;\" class=\"ml-slider-3-107-0 metaslider metaslider-flex metaslider-233 ml-slider ms-theme-cubic nav-hidden\" role=\"region\" aria-label=\"Villa Vivenda\" data-height=\"800\" data-width=\"1000\">\n    <div id=\"metaslider_container_233\">\n        <div id=\"metaslider_233\">\n            <ul class='slides'>\n                <li style=\"display: block; width: 100%;\" class=\"slide-576 ms-image \" aria-roledescription=\"slide\" data-date=\"2020-03-12 16:45:50\" data-filename=\"IMG_1531v2-scaled-1000x800.jpg\" data-slide-type=\"image\"><img loading=\"lazy\" decoding=\"async\" src=\"https:\/\/algarve-villas.nl\/basis\/wp-content\/uploads\/2020\/03\/IMG_1531v2-scaled-1000x800.jpg\" height=\"800\" width=\"1000\" alt=\"\" class=\"slider-233 slide-576 msDefaultImage\" title=\"IMG_1531v2\" \/><\/li>\n                <li style=\"display: none; width: 100%;\" class=\"slide-242 ms-image \" aria-roledescription=\"slide\" data-date=\"2019-04-02 19:57:49\" data-filename=\"Villa-Vivenda-keuken-terras-1000x800.jpg\" data-slide-type=\"image\"><img loading=\"lazy\" decoding=\"async\" src=\"https:\/\/algarve-villas.nl\/basis\/wp-content\/uploads\/2019\/04\/Villa-Vivenda-keuken-terras-1000x800.jpg\" height=\"800\" width=\"1000\" alt=\"\" class=\"slider-233 slide-242 msDefaultImage\" \/><\/li>\n                <li style=\"display: none; width: 100%;\" class=\"slide-572 ms-image \" aria-roledescription=\"slide\" data-date=\"2020-03-12 16:45:50\" data-filename=\"IMG_0505v2-scaled-1000x800.jpg\" data-slide-type=\"image\"><img loading=\"lazy\" decoding=\"async\" src=\"https:\/\/algarve-villas.nl\/basis\/wp-content\/uploads\/2020\/03\/IMG_0505v2-scaled-1000x800.jpg\" height=\"800\" width=\"1000\" alt=\"\" class=\"slider-233 slide-572 msDefaultImage\" title=\"IMG_0505v2\" \/><\/li>\n                <li style=\"display: none; width: 100%;\" class=\"slide-573 ms-image \" aria-roledescription=\"slide\" data-date=\"2020-03-12 16:45:50\" data-filename=\"IMG_0502v2-scaled-1000x800.jpg\" data-slide-type=\"image\"><img loading=\"lazy\" decoding=\"async\" src=\"https:\/\/algarve-villas.nl\/basis\/wp-content\/uploads\/2020\/03\/IMG_0502v2-scaled-1000x800.jpg\" height=\"800\" width=\"1000\" alt=\"\" class=\"slider-233 slide-573 msDefaultImage\" title=\"IMG_0502v2\" \/><\/li>\n                <li style=\"display: none; width: 100%;\" class=\"slide-571 ms-image \" aria-roledescription=\"slide\" data-date=\"2020-03-12 16:45:50\" data-filename=\"IMG_0637v2-1000x800.jpg\" data-slide-type=\"image\"><img loading=\"lazy\" decoding=\"async\" src=\"https:\/\/algarve-villas.nl\/basis\/wp-content\/uploads\/2020\/03\/IMG_0637v2-1000x800.jpg\" height=\"800\" width=\"1000\" alt=\"\" class=\"slider-233 slide-571 msDefaultImage\" title=\"IMG_0637v2\" \/><\/li>\n                <li style=\"display: none; width: 100%;\" class=\"slide-578 ms-image \" aria-roledescription=\"slide\" data-date=\"2020-03-12 16:45:50\" data-filename=\"Zwembad-met-oleander-scaled-1000x800.jpg\" data-slide-type=\"image\"><img loading=\"lazy\" decoding=\"async\" src=\"https:\/\/algarve-villas.nl\/basis\/wp-content\/uploads\/2020\/03\/Zwembad-met-oleander-scaled-1000x800.jpg\" height=\"800\" width=\"1000\" alt=\"\" class=\"slider-233 slide-578 msDefaultImage\" title=\"Zwembad met oleander\" \/><\/li>\n                <li style=\"display: none; width: 100%;\" class=\"slide-252 ms-image \" aria-roledescription=\"slide\" data-date=\"2019-04-02 19:57:50\" data-filename=\"Villa-Vivenda-zwembad-close-up-1000x800.jpg\" data-slide-type=\"image\"><img loading=\"lazy\" decoding=\"async\" src=\"https:\/\/algarve-villas.nl\/basis\/wp-content\/uploads\/2019\/04\/Villa-Vivenda-zwembad-close-up-1000x800.jpg\" height=\"800\" width=\"1000\" alt=\"\" class=\"slider-233 slide-252 msDefaultImage\" \/><\/li>\n                <li style=\"display: none; width: 100%;\" class=\"slide-234 ms-image \" aria-roledescription=\"slide\" data-date=\"2019-04-02 19:57:48\" data-filename=\"IMG_8011-1000x800.jpg\" data-slide-type=\"image\"><img loading=\"lazy\" decoding=\"async\" src=\"https:\/\/algarve-villas.nl\/basis\/wp-content\/uploads\/2019\/04\/IMG_8011-1000x800.jpg\" height=\"800\" width=\"1000\" alt=\"\" class=\"slider-233 slide-234 msDefaultImage\" \/><\/li>\n                <li style=\"display: none; width: 100%;\" class=\"slide-575 ms-image \" aria-roledescription=\"slide\" data-date=\"2020-03-12 16:45:50\" data-filename=\"Achtertuin-boven-scaled-1000x800.jpg\" data-slide-type=\"image\"><img loading=\"lazy\" decoding=\"async\" src=\"https:\/\/algarve-villas.nl\/basis\/wp-content\/uploads\/2020\/03\/Achtertuin-boven-scaled-1000x800.jpg\" height=\"800\" width=\"1000\" alt=\"\" class=\"slider-233 slide-575 msDefaultImage\" title=\"Achtertuin boven\" \/><\/li>\n                <li style=\"display: none; width: 100%;\" class=\"slide-786 ms-image \" aria-roledescription=\"slide\" data-date=\"2023-10-11 10:14:58\" data-filename=\"buitendouche-scaled-1000x800.jpg\" data-slide-type=\"image\"><img loading=\"lazy\" decoding=\"async\" src=\"https:\/\/algarve-villas.nl\/basis\/wp-content\/uploads\/2023\/10\/buitendouche-scaled-1000x800.jpg\" height=\"800\" width=\"1000\" alt=\"\" class=\"slider-233 slide-786 msDefaultImage\" title=\"buitendouche\" \/><\/li>\n                <li style=\"display: none; width: 100%;\" class=\"slide-785 ms-image \" aria-roledescription=\"slide\" data-date=\"2023-10-11 10:14:18\" data-filename=\"BBQ-scaled-1000x800.jpg\" data-slide-type=\"image\"><img loading=\"lazy\" decoding=\"async\" src=\"https:\/\/algarve-villas.nl\/basis\/wp-content\/uploads\/2023\/05\/BBQ-scaled-1000x800.jpg\" height=\"800\" width=\"1000\" alt=\"\" class=\"slider-233 slide-785 msDefaultImage\" title=\"BBQ\" \/><\/li>\n                <li style=\"display: none; width: 100%;\" class=\"slide-787 ms-image \" aria-roledescription=\"slide\" data-date=\"2023-10-11 10:15:31\" data-filename=\"slaapkamer-2-boven-scaled-1000x800.jpg\" data-slide-type=\"image\"><img loading=\"lazy\" decoding=\"async\" src=\"https:\/\/algarve-villas.nl\/basis\/wp-content\/uploads\/2023\/10\/slaapkamer-2-boven-scaled-1000x800.jpg\" height=\"800\" width=\"1000\" alt=\"\" class=\"slider-233 slide-787 msDefaultImage\" title=\"slaapkamer 2 boven\" \/><\/li>\n            <\/ul>\n        <\/div>\n        \n    <\/div>\n<\/div><\/div>\r\n<div>\u00a0<\/div>\r\n\r\n<p>Die freistehende gro\u00dfz\u00fcgige gut ausgestattete Villa Vivenda liegt am Ende einer Stra\u00dfe ohne Durchgangsverkehr in Ferienanlage Varandas do Lago. Hier stehen haupts\u00e4chlich freistehende Villen und einige kleinere Apartmenth\u00e4user. Der Standort ist unweit der Ferienanlage Vale do Garr\u00e3o (300 Meter durch das Wald) mit ihren Restaurants, Tennispl\u00e4tze, gemeinsame Schwimmb\u00e4der und ein kleiner Einkaufsladen.<\/p>\r\n<p>Im ersten Stock des Hauses befinden sich zwei gro\u00dfe Doppelzimmer. Ein Doppelzimmer (Elternschlafzimmer) mit gro\u00dfem franz\u00f6sischen Bett, hat ein sehr gro\u00dfes Badzimmer mit Eckbadewanne, Duschkabine und Toilette. Das zweite Doppelzimmer hat zwei Einzelbetten, angrenzend ein Badezimmer mit Badewanne, Dusche und Toilette. Die zwei Schlafzimmer haben eine eigene Terrasse mit Blick auf das Schwimmbad.<\/p>\r\n<p>Im Erdgescho\u00df befinden sich zwei Schlafzimmer mit zwei Einzelbetten. Das Badezimmer \u2013 mit Dusche, Toilette und Bidet \u2013 geh\u00f6rt zu beide Schlafzimmer. Im Flur gibt es ein G\u00e4stetoilette. Die gro\u00dfe, modern eingerichtete K\u00fcche hat Zugang zu eine eigene Terrasse. Neben der K\u00fcche gibt es ein W\u00e4scheraum mit Waschmaschine. Das gro\u00dfz\u00fcgige Wohn- und Esszimmer f\u00fchrt zu einer teilweise \u00fcberdachten Terrasse und zum Schwimmbad. (F\u00fcr kleine Kinder teilweise sperrbar). Das Wohnzimmer ist mit einem offenen Kamin ausgestattet. Neben das Schwimmbad mit Au\u00dfendusche gibt es ein Grillplatz. Dachterrasse. Vom Sonnenterrasse ab gibt es eine Treppe zum Dachterrasse. Hier haben Sie ein herrliches Aussicht. Kellergescho\u00df. Im Kellergescho\u00df ist eine Garage.<\/p>\r\n<p>Die Ausstattung:<\/p>\r\n<ul>\r\n<li>Privatschwimmbad<\/li>\r\n<li>Waschmaschine<\/li>\r\n<li>Sp\u00fclmaschine<\/li>\r\n<li>Kaffeemaschine and Nespressomaschine<\/li>\r\n<li>LED High Definition Fernsehger\u00e4t mit fast alle deutschsprachige Programme<\/li>\r\n<li>Sonos Box\u00a0<\/li>\r\n<li>K\u00fchlschrank Mikrowelle Klima-Anlage (Ab mitte M\u00e4rz bis Ende Oktober Mehrpreis \u20ac 100,- pro Woche) in alle Wohn- und Schlaffzimmern<\/li>\r\n<li>Daneben kann man auch hei\u00dfen mit einem offenen Kamin<\/li>\r\n<li>Internetanschluss (Laptop\/IPad mitnehmen)<\/li>\r\n<\/ul>\r\n<p>Was noch wichtig ist: Der Strand ist 1,3 Km. entfernt (13 Minuten zu Fu\u00df.) Kleiner Lebensmittelladen und zwei Restaurants (700 Meter entfernt). 3 Tennispl\u00e4tze (450 Meter entfernt) Gemeinschaftsschwimmbad von Vale do Garr\u00e3o (450 Meter entfernt) Der Einkaufort Almancil ist in 6 Km. zu erreichen. Preisangabe: ab Mitte M\u00e4rz bis Ende Oktober sind die Preise einschlie\u00dflich Elektrizit\u00e4t. Endreinigungskosten sind \u20ac 100.  Im Winter und Fr\u00fchling gibt es daf\u00fcr zus\u00e4tzliche Kosten (Elektrizit\u00e4tsz\u00e4hler). Einbegriffen auch Bettleinen (Wechslung jede Woche wenn Sie l\u00e4nger als eine Woche mieten) und Handtuchen. Strandt\u00fccher muss man selbst mitnehmen<\/p>","protected":false},"excerpt":{"rendered":"<p>Die freistehende gro\u00dfz\u00fcgige gut ausgestattete Villa Vivenda liegt am Ende einer Stra\u00dfe ohne Durchgangsverkehr in Ferienanlage Varandas do Lago. Hier stehen haupts\u00e4chlich freistehende Villen und einige kleinere Apartmenth\u00e4user. Der Standort ist unweit der Ferienanlage Vale do Garr\u00e3o (300 Meter durch das Wald) mit ihren Restaurants, Tennispl\u00e4tze, gemeinsame Schwimmb\u00e4der und ein kleiner Einkaufsladen. Im ersten Stock [&hellip;]<\/p>\n","protected":false},"author":1,"featured_media":0,"parent":0,"menu_order":0,"comment_status":"closed","ping_status":"closed","template":"custom-template\/no-sidebar.php","meta":{"footnotes":""},"class_list":["post-91","page","type-page","status-publish","hentry"],"translation":{"provider":"WPGlobus","version":"3.0.2","language":"de","enabled_languages":["nl","gb","de"],"languages":{"nl":{"title":true,"content":true,"excerpt":false},"gb":{"title":true,"content":true,"excerpt":false},"de":{"title":true,"content":true,"excerpt":false}}},"yoast_head":"<!-- This site is optimized with the Yoast SEO plugin v27.4 - https:\/\/yoast.com\/product\/yoast-seo-wordpress\/ -->\n<title>Villa Vivenda - Algarve Villas<\/title>\n<meta name=\"robots\" content=\"index, follow, max-snippet:-1, max-image-preview:large, max-video-preview:-1\" \/>\n<link rel=\"canonical\" href=\"https:\/\/algarve-villas.nl\/basis\/villa-vivenda\/\" \/>\n<meta property=\"og:locale\" content=\"de_DE\" \/>\n<meta property=\"og:type\" content=\"article\" \/>\n<meta property=\"og:title\" content=\"Villa Vivenda - Algarve Villas\" \/>\n<meta property=\"og:url\" content=\"https:\/\/algarve-villas.nl\/basis\/villa-vivenda\/\" \/>\n<meta property=\"og:site_name\" content=\"Algarve Villas\" \/>\n<meta property=\"article:modified_time\" content=\"2024-01-10T17:27:25+00:00\" \/>\n<meta name=\"twitter:label1\" content=\"Est. reading time\" \/>\n\t<meta name=\"twitter:data1\" content=\"2 minutes\" \/>\n<script type=\"application\/ld+json\" class=\"yoast-schema-graph\">{\"@context\":\"https:\\\/\\\/schema.org\",\"@graph\":[{\"@type\":\"WebPage\",\"@id\":\"https:\\\/\\\/algarve-villas.nl\\\/basis\\\/villa-vivenda\\\/\",\"url\":\"https:\\\/\\\/algarve-villas.nl\\\/basis\\\/villa-vivenda\\\/\",\"name\":\"Villa Vivenda - Algarve Villas\",\"isPartOf\":{\"@id\":\"https:\\\/\\\/algarve-villas.nl\\\/basis\\\/de\\\/#website\"},\"datePublished\":\"2019-03-20T14:50:15+00:00\",\"dateModified\":\"2024-01-10T17:27:25+00:00\",\"breadcrumb\":{\"@id\":\"https:\\\/\\\/algarve-villas.nl\\\/basis\\\/villa-vivenda\\\/#breadcrumb\"},\"inLanguage\":\"de-DE\",\"potentialAction\":[{\"@type\":\"ReadAction\",\"target\":[\"https:\\\/\\\/algarve-villas.nl\\\/basis\\\/villa-vivenda\\\/\"]}]},{\"@type\":\"BreadcrumbList\",\"@id\":\"https:\\\/\\\/algarve-villas.nl\\\/basis\\\/villa-vivenda\\\/#breadcrumb\",\"itemListElement\":[{\"@type\":\"ListItem\",\"position\":1,\"name\":\"Home\",\"item\":\"https:\\\/\\\/algarve-villas.nl\\\/basis\\\/\"},{\"@type\":\"ListItem\",\"position\":2,\"name\":\"Villa Vivenda\"}]},{\"@type\":\"WebSite\",\"@id\":\"https:\\\/\\\/algarve-villas.nl\\\/basis\\\/de\\\/#website\",\"url\":\"https:\\\/\\\/algarve-villas.nl\\\/basis\\\/de\\\/\",\"name\":\"Algarve Villas\",\"description\":\"\",\"publisher\":{\"@id\":\"https:\\\/\\\/algarve-villas.nl\\\/basis\\\/de\\\/#organization\"},\"potentialAction\":[{\"@type\":\"SearchAction\",\"target\":{\"@type\":\"EntryPoint\",\"urlTemplate\":\"https:\\\/\\\/algarve-villas.nl\\\/basis\\\/de\\\/?s={search_term_string}\"},\"query-input\":{\"@type\":\"PropertyValueSpecification\",\"valueRequired\":true,\"valueName\":\"search_term_string\"}}],\"inLanguage\":\"de-DE\"},{\"@type\":\"Organization\",\"@id\":\"https:\\\/\\\/algarve-villas.nl\\\/basis\\\/de\\\/#organization\",\"name\":\"Algarve Villas\",\"url\":\"https:\\\/\\\/algarve-villas.nl\\\/basis\\\/de\\\/\",\"logo\":{\"@type\":\"ImageObject\",\"inLanguage\":\"de-DE\",\"@id\":\"https:\\\/\\\/algarve-villas.nl\\\/basis\\\/de\\\/#\\\/schema\\\/logo\\\/image\\\/\",\"url\":\"https:\\\/\\\/algarve-villas.nl\\\/basis\\\/wp-content\\\/uploads\\\/2019\\\/04\\\/cropped-logo001-1.png\",\"contentUrl\":\"https:\\\/\\\/algarve-villas.nl\\\/basis\\\/wp-content\\\/uploads\\\/2019\\\/04\\\/cropped-logo001-1.png\",\"width\":284,\"height\":129,\"caption\":\"Algarve Villas\"},\"image\":{\"@id\":\"https:\\\/\\\/algarve-villas.nl\\\/basis\\\/de\\\/#\\\/schema\\\/logo\\\/image\\\/\"}}]}<\/script>\n<!-- \/ Yoast SEO plugin. -->","yoast_head_json":{"title":"Villa Vivenda - Algarve Villas","robots":{"index":"index","follow":"follow","max-snippet":"max-snippet:-1","max-image-preview":"max-image-preview:large","max-video-preview":"max-video-preview:-1"},"canonical":"https:\/\/algarve-villas.nl\/basis\/villa-vivenda\/","og_locale":"de_DE","og_type":"article","og_title":"Villa Vivenda - Algarve Villas","og_url":"https:\/\/algarve-villas.nl\/basis\/villa-vivenda\/","og_site_name":"Algarve Villas","article_modified_time":"2024-01-10T17:27:25+00:00","twitter_misc":{"Est. reading time":"2 minutes"},"schema":{"@context":"https:\/\/schema.org","@graph":[{"@type":"WebPage","@id":"https:\/\/algarve-villas.nl\/basis\/villa-vivenda\/","url":"https:\/\/algarve-villas.nl\/basis\/villa-vivenda\/","name":"Villa Vivenda - Algarve Villas","isPartOf":{"@id":"https:\/\/algarve-villas.nl\/basis\/de\/#website"},"datePublished":"2019-03-20T14:50:15+00:00","dateModified":"2024-01-10T17:27:25+00:00","breadcrumb":{"@id":"https:\/\/algarve-villas.nl\/basis\/villa-vivenda\/#breadcrumb"},"inLanguage":"de-DE","potentialAction":[{"@type":"ReadAction","target":["https:\/\/algarve-villas.nl\/basis\/villa-vivenda\/"]}]},{"@type":"BreadcrumbList","@id":"https:\/\/algarve-villas.nl\/basis\/villa-vivenda\/#breadcrumb","itemListElement":[{"@type":"ListItem","position":1,"name":"Home","item":"https:\/\/algarve-villas.nl\/basis\/"},{"@type":"ListItem","position":2,"name":"Villa Vivenda"}]},{"@type":"WebSite","@id":"https:\/\/algarve-villas.nl\/basis\/de\/#website","url":"https:\/\/algarve-villas.nl\/basis\/de\/","name":"Algarve Villas","description":"","publisher":{"@id":"https:\/\/algarve-villas.nl\/basis\/de\/#organization"},"potentialAction":[{"@type":"SearchAction","target":{"@type":"EntryPoint","urlTemplate":"https:\/\/algarve-villas.nl\/basis\/de\/?s={search_term_string}"},"query-input":{"@type":"PropertyValueSpecification","valueRequired":true,"valueName":"search_term_string"}}],"inLanguage":"de-DE"},{"@type":"Organization","@id":"https:\/\/algarve-villas.nl\/basis\/de\/#organization","name":"Algarve Villas","url":"https:\/\/algarve-villas.nl\/basis\/de\/","logo":{"@type":"ImageObject","inLanguage":"de-DE","@id":"https:\/\/algarve-villas.nl\/basis\/de\/#\/schema\/logo\/image\/","url":"https:\/\/algarve-villas.nl\/basis\/wp-content\/uploads\/2019\/04\/cropped-logo001-1.png","contentUrl":"https:\/\/algarve-villas.nl\/basis\/wp-content\/uploads\/2019\/04\/cropped-logo001-1.png","width":284,"height":129,"caption":"Algarve Villas"},"image":{"@id":"https:\/\/algarve-villas.nl\/basis\/de\/#\/schema\/logo\/image\/"}}]}},"_links":{"self":[{"href":"https:\/\/algarve-villas.nl\/basis\/de\/wp-json\/wp\/v2\/pages\/91","targetHints":{"allow":["GET"]}}],"collection":[{"href":"https:\/\/algarve-villas.nl\/basis\/de\/wp-json\/wp\/v2\/pages"}],"about":[{"href":"https:\/\/algarve-villas.nl\/basis\/de\/wp-json\/wp\/v2\/types\/page"}],"author":[{"embeddable":true,"href":"https:\/\/algarve-villas.nl\/basis\/de\/wp-json\/wp\/v2\/users\/1"}],"replies":[{"embeddable":true,"href":"https:\/\/algarve-villas.nl\/basis\/de\/wp-json\/wp\/v2\/comments?post=91"}],"version-history":[{"count":47,"href":"https:\/\/algarve-villas.nl\/basis\/de\/wp-json\/wp\/v2\/pages\/91\/revisions"}],"predecessor-version":[{"id":807,"href":"https:\/\/algarve-villas.nl\/basis\/de\/wp-json\/wp\/v2\/pages\/91\/revisions\/807"}],"wp:attachment":[{"href":"https:\/\/algarve-villas.nl\/basis\/de\/wp-json\/wp\/v2\/media?parent=91"}],"curies":[{"name":"wp","href":"https:\/\/api.w.org\/{rel}","templated":true}]}}